{"id":2,"date":"2020-09-02T11:45:00","date_gmt":"2020-09-02T11:45:00","guid":{"rendered":"http:\/\/preftappino.studiors.cloud\/?page_id=2"},"modified":"2022-09-03T07:49:02","modified_gmt":"2022-09-03T07:49:02","slug":"sample-page","status":"publish","type":"page","link":"https:\/\/www.prefabbricatitappino.it\/?page_id=2","title":{"rendered":"L&#8217;Azienda"},"content":{"rendered":"<p>Un&#8217;azienda leader, presente sul territorio dagli anni &#8217;70 con prodotti prefabbricati. <strong>Prefabbricati Tappino s.r.l<\/strong>. si presenta oggi come una realt\u00e0 industriale in costante crescita. La nostra Societ\u00e0 sita a Toro presso la Fondo Valle Tappino Km. 13; produce manufatti in cemento armato impiegati nelle urbanizzazioni. All\u2019interno dell\u2019azienda \u00e8 operante un ufficio tecnico il quale elabora progetti, fa ricerca ed innovazione di processo e di prodotto ed assicura l\u2019assistenza per tutti i processi autorizzativi. Sicurezza, affidabilit\u00e0 nel tempo, qualit\u00e0 dei materiali e delle soluzioni produttive, sono gli elementi fondamentali della nostra azienda.<\/p>\n<p>La <strong>Prefabbricati Tappino s.r.l<\/strong>. \u00e8 caratterizzata da impianti all&#8217;avanguardia: alta tecnologia, automazione e procedure innovative ed ecologiche garantiscono una elevata capacit\u00e0 produttiva con una relativa riduzione dei tempi di realizzazione, introducendo i fondamentali concetti dell&#8217;INDUSTRIA 4.0. Nell\u2019applicazione della norma armonizzata Direttiva Comunitaria 89\/106 recepita con DPR246\/199, l\u2019azienda provvede al controllo sia delle materie prime in arrivo, producendo calcestruzzo (FPC), che al ciclo del prodotto finito. I tecnici aziendali tra le altre attivit\u00e0 sono preposti alla formazione delle maestranze per il miglioramento degli standard qualitativi. Tali sforzi ci sono stati riconosciuti dalle migliori Societ\u00e0 di certificazione; la nostra ditta ha ottenuto la <strong>certificazione del sistema di qualit\u00e0 EN ISO 9001:2015 e la marcatura CE. <\/strong><\/p>\n\n\t\t<style type=\"text\/css\">\n\t\t\t#gallery-1 {\n\t\t\t\tmargin: auto;\n\t\t\t}\n\t\t\t#gallery-1 .gallery-item {\n\t\t\t\tfloat: left;\n\t\t\t\tmargin-top: 10px;\n\t\t\t\ttext-align: center;\n\t\t\t\twidth: 25%;\n\t\t\t}\n\t\t\t#gallery-1 img {\n\t\t\t\tborder: 2px solid #cfcfcf;\n\t\t\t}\n\t\t\t#gallery-1 .gallery-caption {\n\t\t\t\tmargin-left: 0;\n\t\t\t}\n\t\t\t\/* see gallery_shortcode() in wp-includes\/media.php *\/\n\t\t<\/style>\n\t\t<div id='gallery-1' class='gallery galleryid-2 gallery-columns-4 gallery-size-thumbnail'><dl class='gallery-item'>\n\t\t\t<dt class='gallery-icon portrait'>\n\t\t\t\t<a href='https:\/\/www.prefabbricatitappino.it\/wp-content\/uploads\/2022\/09\/1-scaled.jpg' title=\"\" data-rl_title=\"\" class=\"rl-gallery-link\" data-rl_caption=\"\" data-rel=\"lightbox-gallery-1\"><img width=\"150\" height=\"150\" src=\"https:\/\/www.prefabbricatitappino.it\/wp-content\/uploads\/2022\/09\/1-150x150.jpg\" class=\"attachment-thumbnail size-thumbnail\" alt=\"\" loading=\"lazy\" srcset=\"https:\/\/www.prefabbricatitappino.it\/wp-content\/uploads\/2022\/09\/1-150x150.jpg 150w, https:\/\/www.prefabbricatitappino.it\/wp-content\/uploads\/2022\/09\/1-300x300.jpg 300w, https:\/\/www.prefabbricatitappino.it\/wp-content\/uploads\/2022\/09\/1-220x220.jpg 220w\" sizes=\"(max-width: 150px) 100vw, 150px\" \/><\/a>\n\t\t\t<\/dt><\/dl><dl class='gallery-item'>\n\t\t\t<dt class='gallery-icon portrait'>\n\t\t\t\t<a href='https:\/\/www.prefabbricatitappino.it\/wp-content\/uploads\/2022\/09\/2-scaled.jpg' title=\"\" data-rl_title=\"\" class=\"rl-gallery-link\" data-rl_caption=\"\" data-rel=\"lightbox-gallery-1\"><img width=\"150\" height=\"150\" src=\"https:\/\/www.prefabbricatitappino.it\/wp-content\/uploads\/2022\/09\/2-150x150.jpg\" class=\"attachment-thumbnail size-thumbnail\" alt=\"\" loading=\"lazy\" srcset=\"https:\/\/www.prefabbricatitappino.it\/wp-content\/uploads\/2022\/09\/2-150x150.jpg 150w, https:\/\/www.prefabbricatitappino.it\/wp-content\/uploads\/2022\/09\/2-300x300.jpg 300w, https:\/\/www.prefabbricatitappino.it\/wp-content\/uploads\/2022\/09\/2-220x220.jpg 220w\" sizes=\"(max-width: 150px) 100vw, 150px\" \/><\/a>\n\t\t\t<\/dt><\/dl><dl class='gallery-item'>\n\t\t\t<dt class='gallery-icon landscape'>\n\t\t\t\t<a href='https:\/\/www.prefabbricatitappino.it\/wp-content\/uploads\/2022\/08\/3-scaled.jpg' title=\"\" data-rl_title=\"\" class=\"rl-gallery-link\" data-rl_caption=\"\" data-rel=\"lightbox-gallery-1\"><img width=\"150\" height=\"150\" src=\"https:\/\/www.prefabbricatitappino.it\/wp-content\/uploads\/2022\/08\/3-150x150.jpg\" class=\"attachment-thumbnail size-thumbnail\" alt=\"\" loading=\"lazy\" srcset=\"https:\/\/www.prefabbricatitappino.it\/wp-content\/uploads\/2022\/08\/3-150x150.jpg 150w, https:\/\/www.prefabbricatitappino.it\/wp-content\/uploads\/2022\/08\/3-300x300.jpg 300w, https:\/\/www.prefabbricatitappino.it\/wp-content\/uploads\/2022\/08\/3-220x220.jpg 220w\" sizes=\"(max-width: 150px) 100vw, 150px\" \/><\/a>\n\t\t\t<\/dt><\/dl>\n\t\t\t<br style='clear: both' \/>\n\t\t<\/div>\n\n<p>Gli investimenti in nuovi macchinari negli ultimi anni ci hanno permesso di aumentare la capacit\u00e0 produttiva e qualitativa dandoci la possibilit\u00e0 di soddisfare ulteriori commesse. Lo stabilimento copre una superficie di circa 18.000 mq di cui quella coperta \u00e8 di 3.000 mq.<\/p>\n\n\n<p><\/p>\n","protected":false},"excerpt":{"rendered":"<p>Un&#8217;azienda leader, presente sul territorio dagli anni &#8217;70 con prodotti prefabbricati. Prefabbricati Tappino s.r.l. si presenta oggi come una realt\u00e0 industriale in costante crescita. La nostra Societ\u00e0 sita a Toro presso la Fondo Valle Tappino Km.<a class=\"moretag\" href=\"https:\/\/www.prefabbricatitappino.it\/?page_id=2\">Read More&#8230;<\/a><\/p>\n","protected":false},"author":1,"featured_media":0,"parent":0,"menu_order":0,"comment_status":"closed","ping_status":"open","template":"","meta":[],"_links":{"self":[{"href":"https:\/\/www.prefabbricatitappino.it\/index.php?rest_route=\/wp\/v2\/pages\/2"}],"collection":[{"href":"https:\/\/www.prefabbricatitappino.it\/index.php?rest_route=\/wp\/v2\/pages"}],"about":[{"href":"https:\/\/www.prefabbricatitappino.it\/index.php?rest_route=\/wp\/v2\/types\/page"}],"author":[{"embeddable":true,"href":"https:\/\/www.prefabbricatitappino.it\/index.php?rest_route=\/wp\/v2\/users\/1"}],"replies":[{"embeddable":true,"href":"https:\/\/www.prefabbricatitappino.it\/index.php?rest_route=%2Fwp%2Fv2%2Fcomments&post=2"}],"version-history":[{"count":17,"href":"https:\/\/www.prefabbricatitappino.it\/index.php?rest_route=\/wp\/v2\/pages\/2\/revisions"}],"predecessor-version":[{"id":507,"href":"https:\/\/www.prefabbricatitappino.it\/index.php?rest_route=\/wp\/v2\/pages\/2\/revisions\/507"}],"wp:attachment":[{"href":"https:\/\/www.prefabbricatitappino.it\/index.php?rest_route=%2Fwp%2Fv2%2Fmedia&parent=2"}],"curies":[{"name":"wp","href":"https:\/\/api.w.org\/{rel}","templated":true}]}}